{"id":10937,"date":"2026-01-20T19:47:33","date_gmt":"2026-01-20T18:47:33","guid":{"rendered":"https:\/\/www.tubos.tubosdebaja.com\/?page_id=10937"},"modified":"2026-01-28T17:19:15","modified_gmt":"2026-01-28T16:19:15","slug":"politica-de-privacidad","status":"publish","type":"page","link":"https:\/\/www.tubos.tubosdebaja.com\/en\/politica-de-privacidad\/","title":{"rendered":"Privacy Policy"},"content":{"rendered":"<div class=\"wpb-content-wrapper\"><div data-vc-full-width=\"true\" data-vc-full-width-temp=\"true\" data-vc-full-width-init=\"false\" class=\"vc_row wpb_row vc_row-fluid vc_custom_1768934456706 vc_row-has-fill wd-rs-696fcc2438408\"><div class=\"wpb_column vc_column_container vc_col-sm-2\"><div class=\"vc_column-inner\"><div class=\"wpb_wrapper\"><\/div><\/div><\/div><div class=\"wpb_column vc_column_container vc_col-sm-8 vc_col-has-fill wd-rs-696fcc11efa5f\"><div class=\"vc_column-inner vc_custom_1768934432724\"><div class=\"wpb_wrapper\">\n\t<div class=\"wpb_text_column wpb_content_element\" >\n\t\t<div class=\"wpb_wrapper\">\n\t\t\t<h2 style=\"text-align: center;\">WEBSITE PRIVACY POLICY<\/h2>\n<h4 style=\"text-align: center;\">www.tubosdebaja.com<\/h4>\n<p style=\"text-align: justify;\"><strong>I. PRIVACY AND DATA PROTECTION POLICY<\/strong><\/p>\n<p style=\"text-align: justify;\">Respecting the provisions of current legislation, (hereinafter, also the Website) undertakes to adopt the necessary technical and organisational measures, according to the level of security appropriate to the risk of the data collected.<\/p>\n<p style=\"text-align: justify;\"><strong>Laws incorporated in this privacy policy<\/strong><\/p>\n<p style=\"text-align: justify;\">This privacy policy is adapted to current Spanish and European regulations regarding the protection of personal data on the internet. Specifically, it respects the following rules:<\/p>\n<ul style=\"text-align: justify;\">\n<li style=\"text-align: justify;\">The Regulation (EU) 2016\/679 of the European Parliament and of the Council, of 27 April 2016, on the protection of natural persons with regard to the processing of personal data and on the free movement of such data (GDPR).<\/li>\n<li style=\"text-align: justify;\">The Organic Law 3\/2018, of 5 December, on the Protection of Personal Data and guarantee of digital rights (LOPD-GDD).<\/li>\n<li style=\"text-align: justify;\">The Law 34\/2002, of 11 July, on Information Society Services and Electronic Commerce (LSSI-CE).<\/li>\n<\/ul>\n<p style=\"text-align: justify;\"><strong>Identity of the person responsible for processing personal data<\/strong><\/p>\n<p style=\"text-align: justify;\">The data controller responsible for the personal data collected at is: VILATRENZ 2000 S.L., with NIF: B61558045 (hereinafter, Data Controller). Their contact details are as follows:<\/p>\n<p style=\"text-align: justify;\" class=\"translation-block\">Address: C\/ Pere Jacas, 13 \u2013 7\u00ba 2\u00aa<br> Contact telephone: 938 930 656<br>Contact email: info@tubosdebaja.com<\/p>\n<p style=\"text-align: justify;\"><strong>Registration of Personal Data<\/strong><\/p>\n<p style=\"text-align: justify;\">In compliance with the provisions of the GDPR and the LOPD-GDD, we inform you that the personal data collected by Tubosdebaja, through the forms provided on its pages, will be incorporated and processed in our Register of Processing Activities in order to facilitate, streamline and fulfil the commitments established between Tubosdebaja and the User, or the maintenance of the relationship established in the forms filled out by the latter, or to respond to a request or enquiry. Likewise, in accordance with the provisions of the GDPR and the LOPD-GDD, unless the exception provided for in Article 30.5 of the GDPR applies, a record of processing activities is maintained which specifies, according to its purposes, the processing activities carried out and the other circumstances established in the GDPR.<\/p>\n<p style=\"text-align: justify;\"><strong>Principles applicable to the processing of personal data<\/strong><\/p>\n<p style=\"text-align: justify;\">The processing of the User's personal data shall be subject to the following principles set out in Article 5 of the GDPR and in Article 4 et seq. of Organic Law 3\/2018, of 5 December, on the Protection of Personal Data and guarantee of digital rights:<\/p>\n<ul style=\"text-align: justify;\">\n<li style=\"text-align: justify;\">Principle of lawfulness, fairness and transparency: the User's consent will be required at all times after completely transparent information regarding the purposes for which the personal data are collected.<\/li>\n<li style=\"text-align: justify;\">Principle of purpose limitation: personal data will be collected for specified, explicit and legitimate purposes.<\/li>\n<li style=\"text-align: justify;\">Principle of data minimisation: the personal data collected will be only those strictly necessary in relation to the purposes for which they are processed.<\/li>\n<li style=\"text-align: justify;\">Principle of accuracy: personal data must be accurate and always kept up to date.<\/li>\n<li style=\"text-align: justify;\">Principle of storage period limitation: personal data shall only be kept in a form which permits identification of the User for no longer than is necessary for the purposes of its processing.<\/li>\n<li style=\"text-align: justify;\">Principle of integrity and confidentiality: personal data shall be processed in a manner that ensures its security and confidentiality.<\/li>\n<li style=\"text-align: justify;\">Principle of proactive accountability: the Data Controller shall be responsible for ensuring that the above principles are met.<\/li>\n<\/ul>\n<p style=\"text-align: justify;\"><strong>Categories of personal data<\/strong><\/p>\n<p style=\"text-align: justify;\">For the correct development of its commercial activity and the provision of the requested services, VILATRENZ 2000 S.L. processes the following categories of personal data:<\/p>\n<ul style=\"text-align: justify;\">\n<li style=\"text-align: justify;\">Identification data: Name, surname, postal address for shipping and billing, email address and contact telephone number.<\/li>\n<li style=\"text-align: justify;\">Commercial transaction data: Information regarding the products purchased (hoses, tubes, accessories), order history, quantities, amounts and purchase details. This data includes the commercial segmentation of the User for the application of rates and discounts based on purchase volume.<\/li>\n<li style=\"text-align: justify;\">Economic and financial data: Data necessary for issuing invoices (NIF\/CIF) and information for managing payments through secure payment gateways.<\/li>\n<li style=\"text-align: justify;\">Browsing data: IP address, device identifiers, browser type and behaviour data on the Website for security purposes and experience improvement.<\/li>\n<\/ul>\n<p style=\"text-align: justify;\">Under no circumstances are special categories of personal data processed within the meaning of Article 9 of the GDPR (such as data revealing ethnic origin, political opinions, religious beliefs, health data or sexual orientation).<\/p>\n<p style=\"text-align: justify;\"><strong>Legal basis for the processing of personal data<\/strong><\/p>\n<p style=\"text-align: justify;\">The legal basis for the processing of personal data by VILATRENZ 2000 S.L. is based on the following grounds:<\/p>\n<ul style=\"text-align: justify;\">\n<li style=\"text-align: justify;\" class=\"translation-block\"><strong>Performance of a contract:<\/strong> The processing is strictly necessary for administrative management, collection, delivery of technical products (hoses, tubes and accessories) and the provision of the services requested by the User through the Website.<\/li>\n<li style=\"text-align: justify;\" class=\"translation-block\"><strong>Compliance with legal obligations:<\/strong> The processing is necessary to comply with tax (VAT), commercial and accounting regulations in force in Spain and the European Union, including the issuance of invoices and the maintenance of records according to the Verifactu system.<\/li>\n<li style=\"text-align: justify;\" class=\"translation-block\"><strong>Consent of the data subject:<\/strong> For purposes that are not necessary for the purchase (such as sending newsletters, responding to contact forms or the use of analytical cookies), VILATRENZ 2000 S.L. undertakes to obtain the express, free and unequivocal consent of the User. The User shall have the right to withdraw their consent at any time.<\/li>\n<li style=\"text-align: justify;\" class=\"translation-block\"><strong>Legitimate interest:<\/strong> We may process data to ensure the security of the Website and prevent fraud or misuse of the platform.<\/li>\n<\/ul>\n<p style=\"text-align: justify;\"><strong>Purposes of the processing for which the personal data are intended<\/strong><\/p>\n<p style=\"text-align: justify;\">Personal data are collected and managed by Tubosdebaja for the purpose of facilitating, streamlining and fulfilling the commitments established between the Website and the User, or maintaining the relationship established in the forms filled out by the latter, or to attend to a request or enquiry.<\/p>\n<p style=\"text-align: justify;\">Likewise, the data may be used for a commercial purpose of personalisation \u2014including segmentation for the application of price scales according to purchase volume\u2014, operational and statistical purposes, and activities specific to the corporate object of VILATRENZ 2000, S.L.<\/p>\n<p style=\"text-align: justify;\">At the time the personal data are obtained, the User will be informed about the specific purpose or purposes of the processing for which the personal data will be intended; that is, the use or uses that will be given to the information collected.<\/p>\n<p style=\"text-align: justify;\"><strong>Retention periods of personal data<\/strong><\/p>\n<p style=\"text-align: justify;\">Personal data will only be kept for the minimum time necessary for the purposes of its processing. In compliance with current regulations, the following conservation criteria will be applied:<\/p>\n<ul style=\"text-align: justify;\">\n<li style=\"text-align: justify;\" class=\"translation-block\"><strong>Transaction, billing and accounting data: <\/strong>They will be kept for a period of 6 years, in compliance with the obligations established in the Commercial Code and Spanish tax regulations.<\/li>\n<li style=\"text-align: justify;\" class=\"translation-block\"><strong>Customer and contract performance data:<\/strong> They will be maintained for the duration of the commercial relationship and, once ended, during the limitation periods of the legal actions that could derive from it (generally between 3 and 5 years depending on the nature of the claim).<\/li>\n<li style=\"text-align: justify;\" class=\"translation-block\"><strong>Data for marketing purposes and enquiries:<\/strong> They will be kept until the User requests their deletion or withdraws their consent, provided that there is no legal obligation to the contrary.<\/li>\n<li style=\"text-align: justify;\" class=\"translation-block\"><strong>Browsing data and cookies:<\/strong> They will be kept according to the periods specified in our Cookies Policy, for a maximum of 12 months.<\/li>\n<\/ul>\n<p style=\"text-align: justify;\">At the end of the indicated periods, or when the data are no longer necessary for the purpose that motivated their collection, they will be duly blocked, deleted or anonymised to prevent further processing, except for making them available to public administrations, judges and courts.<\/p>\n<p style=\"text-align: justify;\"><strong>Recipients of personal data<\/strong><\/p>\n<p style=\"text-align: justify;\">To fulfil the purposes described above, the User's personal data may be communicated to the following recipients:<\/p>\n<ul style=\"text-align: justify;\">\n<li style=\"text-align: justify;\" class=\"translation-block\"><strong>Transport and logistics service providers:<\/strong> In order to manage the shipment and physical delivery of the technical products purchased by the User through the Website.<\/li>\n<li style=\"text-align: justify;\" class=\"translation-block\"><strong>Financial entities and payment platforms:<\/strong> For the secure processing of collections and payments derived from commercial transactions.<\/li>\n<li style=\"text-align: justify;\" class=\"translation-block\"><strong>Tax and accounting advisors:<\/strong> To comply with the legal obligations of VILATRENZ 2000 S.L. regarding invoicing and commercial accounting.<\/li>\n<li style=\"text-align: justify;\" class=\"translation-block\"><strong>Authorities and Public Bodies:<\/strong> In those cases where there is a legal obligation to provide said data, especially to the Tax Agency and judicial bodies.<\/li>\n<\/ul>\n<p style=\"text-align: justify;\">VILATRENZ 2000 S.L. guarantees that, outside of these cases necessary for the execution of the contract or compliance with the law, personal data will not be transferred, sold or shared with third parties without the prior consent of the User.<\/p>\n<p style=\"text-align: justify;\"><strong>Personal data of minors<\/strong><\/p>\n<p style=\"text-align: justify;\">Respecting the provisions of Articles 8 of the GDPR and 7 of Organic Law 3\/2018, of 5 December, on the Protection of Personal Data and guarantee of digital rights, only those over 14 years of age may give their consent for the lawful processing of their personal data by Tubosdebaja. In the case of a minor under 14 years of age, the consent of parents or guardians will be necessary for the processing, and this will only be considered lawful to the extent that they have authorised it.<\/p>\n<p style=\"text-align: justify;\"><strong>Secrecy and security of personal data<\/strong><\/p>\n<p style=\"text-align: justify;\">VILATRENZ 2000, S.L. undertakes to adopt the necessary technical and organisational measures, according to the level of security appropriate to the risk of the data collected, in such a way as to guarantee the security of personal data and avoid the accidental or unlawful destruction, loss or alteration of personal data transmitted, stored or otherwise processed, or unauthorised communication or access to said data.<\/p>\n<p style=\"text-align: justify;\">The Website has an SSL (Secure Socket Layer) certificate, which ensures that personal data is transmitted securely and confidentially, as the transmission of data between the server and the User, and in feedback, is fully encrypted or encoded.<\/p>\n<p style=\"text-align: justify;\">However, because the invulnerability of the internet cannot be guaranteed, nor the total absence of hackers or others who fraudulently access personal data, the Data Controller undertakes to notify the User without undue delay when a breach of personal data security occurs that is likely to entail a high risk to the rights and freedoms of natural persons. Following the provisions of Article 4 of the GDPR, a breach of personal data security is understood as any security breach that causes the accidental or unlawful destruction, loss or alteration of personal data transmitted, stored or otherwise processed, or unauthorised communication or access to said data.<\/p>\n<p style=\"text-align: justify;\">VILATRENZ 2000 S.L. guarantees that the User's personal data will be treated with the utmost reserve and confidentiality. The Data Controller undertakes to ensure that all its employees, collaborators and any third party who has access to the information by reason of the provision of the service, are subject to an obligation of professional secrecy, either through contractual clauses or by legal imperative. This obligation shall be maintained even after the end of the relationship with the User or with the personnel in charge of the processing.<\/p>\n<p style=\"text-align: justify;\"><strong>Rights derived from the processing of personal data<\/strong><\/p>\n<p style=\"text-align: justify;\">The User has over and may, therefore, exercise against the Data Controller the following rights recognised in the GDPR and Organic Law 3\/2018, of 5 December, on the Protection of Personal Data and guarantee of digital rights:<\/p>\n<ul style=\"text-align: justify;\">\n<li style=\"text-align: justify;\" class=\"translation-block\"><strong>Right of access: <\/strong>This is the User's right to obtain confirmation as to whether or not their personal data is being processed and, if so, to obtain information about their specific personal data and the processing carried out or being carried out, as well as, among other things, the information available on the origin of said data and the recipients of communications made or planned for them.<\/li>\n<li style=\"text-align: justify;\" class=\"translation-block\"><strong>Right to rectification:<\/strong> This is the User's right to have their personal data modified if it proves to be inaccurate or, taking into account the purposes of the processing, incomplete.<\/li>\n<li style=\"text-align: justify;\" class=\"translation-block\"><strong>Right to erasure (\"the right to be forgotten\"):<\/strong> This is the User's right, provided that current legislation does not establish otherwise, to obtain the erasure of their personal data when these are no longer necessary for the purposes for which they were collected or processed; the User has withdrawn their consent to the processing and this has no other legal basis; the User objects to the processing and there is no other legitimate reason to continue with it; the personal data have been processed unlawfully; the personal data must be erased in compliance with a legal obligation; or the personal data have been obtained as a result of a direct offer of information society services to a child under 14 years of age. In addition to erasing the data, the Data Controller, taking into account the available technology and the cost of its application, must take reasonable measures to inform the controllers who are processing the personal data of the data subject's request to erase any link to those personal data.<\/li>\n<li style=\"text-align: justify;\" class=\"translation-block\"><strong>Right to restriction of processing:<\/strong> This is the User's right to restrict the processing of their personal data. The User has the right to obtain the restriction of processing when they contest the accuracy of their personal data; the processing is unlawful; the Data Controller no longer needs the personal data, but the User needs it to make claims; and when the User has objected to the processing.<\/li>\n<li style=\"text-align: justify;\" class=\"translation-block\"><strong>Right to data portability:<\/strong> In the event that the processing is carried out by automated means, the User shall have the right to receive their personal data from the Data Controller in a structured, commonly used and machine-readable format, and to transmit them to another data controller. Whenever technically possible, the Data Controller will transmit the data directly to that other controller.<\/li>\n<li style=\"text-align: justify;\" class=\"translation-block\"><strong>Right to object: <\/strong>This is the User's right not to have the processing of their personal data carried out or to cease the processing thereof by Tubosdebaja.<\/li>\n<li style=\"text-align: justify;\" class=\"translation-block\"><strong>Right not to be subject to a decision based solely on automated processing, including profiling:<\/strong> This is the User's right not to be subject to an individualised decision based solely on the automated processing of their personal data, including profiling, unless current legislation establishes otherwise.<\/li>\n<\/ul>\n<p style=\"text-align: justify;\">Thus, the User may exercise their rights by means of a written communication addressed to the Data Controller with the reference \u201cRGPD-www.tubosdebaja.com\u201d, specifying:<\/p>\n<ul style=\"text-align: justify;\">\n<li>Name, surname of the User and a copy of their ID (DNI\/NIE\/Passport). In cases where representation is admitted, identification by the same means of the person representing the User will also be necessary, as well as the document accrediting the representation. The photocopy of the ID may be replaced by any other valid legal means that proves identity.<\/li>\n<li>Request with the specific reasons for the request or information to which access is sought.<\/li>\n<li>Address for notification purposes.<\/li>\n<li>Date and signature of the applicant.<\/li>\n<li>Any document that accredits the request made.<\/li>\n<\/ul>\n<p style=\"text-align: justify;\">This request and any other attached document may be sent to the following address and\/or email:<\/p>\n<p style=\"text-align: justify;\" class=\"translation-block\">Postal address: C\/ Pere Jacas, 13 \u2013 7\u00ba 2\u00aa<br>\nEmail: info@tubosdebaja.com<\/p>\n<p style=\"text-align: justify;\"><strong>Links to third-party websites<\/strong><\/p>\n<p style=\"text-align: justify;\">The Website may include hyperlinks or links that allow access to web pages of third parties other than Tubosdebaja, and which are therefore not operated by VILATRENZ 2000, S.L. The owners of such websites will have their own data protection policies, being themselves, in each case, responsible for their own files and their own privacy practices.<\/p>\n<p style=\"text-align: justify;\"><strong>Complaints to the supervisory authority<\/strong><\/p>\n<p style=\"text-align: justify;\">In the event that the User considers that there is a problem or infringement of current regulations in the way their personal data are being processed, they will have the right to effective judicial protection and to lodge a complaint with a supervisory authority, in particular, in the State in which they have their habitual residence, place of work or place of the alleged infringement. In the case of Spain, the supervisory authority is the Spanish Data Protection Agency (https:\/\/www.aepd.es\/).<\/p>\n<p style=\"text-align: justify;\"><strong>II. ACCEPTANCE AND CHANGES TO THIS PRIVACY POLICY<\/strong><\/p>\n<p style=\"text-align: justify;\">It is necessary for the User to have read and be satisfied with the conditions on the protection of personal data contained in this Privacy Policy, as well as to accept the processing of their personal data so that the Data Controller can proceed with it in the manner, during the periods and for the purposes indicated. The use of the Website will imply the acceptance of its Privacy Policy.<\/p>\n<p style=\"text-align: justify;\">VILATRENZ 2000, S.L. reserves the right to modify its Privacy Policy, according to its own criteria, or motivated by a legislative, jurisprudential or doctrinal change of the Spanish Data Protection Agency.<\/p>\n<p style=\"text-align: justify;\">Changes or updates to this Privacy Policy will not be explicitly notified to the User.<\/p>\n<p style=\"text-align: justify;\">The User is recommended to consult this page periodically to be aware of the latest changes or updates.<\/p>\n<p style=\"text-align: justify;\">This Privacy Policy has been revised and updated as of January 2026 to adapt to Regulation (EU) 2016\/679 of the European Parliament and of the Council, of 27 April 2016, on the protection of natural persons with regard to the processing of personal data and on the free movement of such data (GDPR) and Organic Law 3\/2018, of 5 December, on the Protection of Personal Data and guarantee of digital rights.<\/p>\n\n\t\t<\/div>\n\t<\/div>\n<\/div><\/div><\/div><div class=\"wpb_column vc_column_container vc_col-sm-2\"><div class=\"vc_column-inner\"><div class=\"wpb_wrapper\"><\/div><\/div><\/div><\/div><div class=\"vc_row-full-width vc_clearfix\"><\/div>\n<\/div>","protected":false},"excerpt":{"rendered":"POL\u00cdTICA DE PRIVACIDAD DEL SITIO WEB www.tubosdebaja.com I. POL\u00cdTICA DE PRIVACIDAD Y PROTECCI\u00d3N DE DATOS Respetando lo establecido en la","protected":false},"author":1,"featured_media":0,"parent":0,"menu_order":0,"comment_status":"closed","ping_status":"closed","template":"","meta":{"_joinchat":[],"footnotes":""},"class_list":["post-10937","page","type-page","status-publish","hentry"],"_links":{"self":[{"href":"https:\/\/www.tubos.tubosdebaja.com\/en\/wp-json\/wp\/v2\/pages\/10937","targetHints":{"allow":["GET"]}}],"collection":[{"href":"https:\/\/www.tubos.tubosdebaja.com\/en\/wp-json\/wp\/v2\/pages"}],"about":[{"href":"https:\/\/www.tubos.tubosdebaja.com\/en\/wp-json\/wp\/v2\/types\/page"}],"author":[{"embeddable":true,"href":"https:\/\/www.tubos.tubosdebaja.com\/en\/wp-json\/wp\/v2\/users\/1"}],"replies":[{"embeddable":true,"href":"https:\/\/www.tubos.tubosdebaja.com\/en\/wp-json\/wp\/v2\/comments?post=10937"}],"version-history":[{"count":3,"href":"https:\/\/www.tubos.tubosdebaja.com\/en\/wp-json\/wp\/v2\/pages\/10937\/revisions"}],"predecessor-version":[{"id":10966,"href":"https:\/\/www.tubos.tubosdebaja.com\/en\/wp-json\/wp\/v2\/pages\/10937\/revisions\/10966"}],"wp:attachment":[{"href":"https:\/\/www.tubos.tubosdebaja.com\/en\/wp-json\/wp\/v2\/media?parent=10937"}],"curies":[{"name":"wp","href":"https:\/\/api.w.org\/{rel}","templated":true}]}}